{"id":4440,"date":"2025-10-12T19:40:54","date_gmt":"2025-10-12T17:40:54","guid":{"rendered":"https:\/\/lesstagesdanthony.com\/?post_type=product&#038;p=4440"},"modified":"2026-04-09T14:22:48","modified_gmt":"2026-04-09T12:22:48","slug":"journee-modelage-30-mai","status":"publish","type":"product","link":"https:\/\/lesstagesdanthony.com\/?product=journee-modelage-30-mai","title":{"rendered":"Journ\u00e9e Modelage &#8211; 30 MAI"},"content":{"rendered":"<h2>Journ\u00e9e Modelage &#8211; 30 MAI<\/h2>\n<h2>Programme:<\/h2>\n<p><strong>Anthony<\/strong>, Santonnier-Cr\u00e9chiste \u00e0 l\u2019Atelier de Fanny vous propose la d\u00e9couverte d\u2019une Facette du m\u00e9tier de Santonnier, la cr\u00e9ation, le modelage et la d\u00e9coration de D\u00e9cors et Accessoires de cr\u00e8che, notre sp\u00e9cialit\u00e9 depuis 20 ans!<\/p>\n<p>Retrouvez \u00e0 travers nos Stages les bases de notre m\u00e9tier et laissez aller votre imagination au cours de cette activit\u00e9 ludique dans une ambiance chaleureuse, propice \u00e0 la cr\u00e9ativit\u00e9.<\/p>\n<h2><strong>Les Stages Journ\u00e9e se d\u00e9roulent le Samedi\u00a0 de 10h \u00e0 17h avec une pause repas d\u2019environ 30 minutes.<\/strong><\/h2>\n<h4>(repas non compris)<\/h4>\n<p><strong>Le Samedi<\/strong>, vous vous lancerez dans la cr\u00e9ation et le Modelage d\u2019une Maison de village, un d\u00e9cors ou encore un Cabanon de Provence enti\u00e8rement Sculpt\u00e9 \u00e0 la main et en Argile, sous les conseils avis\u00e9s d\u2019Anthony qui vous guidera et vous donnera tous les conseils n\u00e9cessaires \u00e0 la r\u00e9alisation et l\u2019aboutissement de votre \u0153uvre.<\/p>\n<p><strong>A la fin du Stage<\/strong> et surtout d\u00e8s que vos cr\u00e9ations seront s\u00e8ches, nous les ferons cuire et vous pourrez les r\u00e9cup\u00e9rer une fois la cuisson termin\u00e9e de fa\u00e7on \u00e0 les d\u00e9corer chez vous\u2026<\/p>\n<p>Nous pourrons aussi vous exp\u00e9dier vos cr\u00e9ations, une fois cuites si vous habitez loin, les frais d\u2019exp\u00e9dition seront \u00e0 votre charge.<\/p>\n<p>&nbsp;<\/p>\n","protected":false},"excerpt":{"rendered":"<p>Journ\u00e9e Modelage &#8211; 30 MAI Programme: Anthony, Santonnier-Cr\u00e9chiste \u00e0 l\u2019Atelier de Fanny vous propose la d\u00e9couverte d\u2019une Facette du m\u00e9tier de Santonnier, la cr\u00e9ation, le modelage et la d\u00e9coration de D\u00e9cors et Accessoires de cr\u00e8che, notre sp\u00e9cialit\u00e9 depuis 20 ans! Retrouvez \u00e0 travers nos Stages les bases de notre m\u00e9tier et laissez aller votre imagination [&hellip;]<\/p>\n","protected":false},"featured_media":2522,"comment_status":"open","ping_status":"closed","template":"","meta":{"_coblocks_attr":"","_coblocks_dimensions":"","_coblocks_responsive_height":"","_coblocks_accordion_ie_support":"","_crdt_document":"","jetpack_publicize_message":"","jetpack_publicize_feature_enabled":true,"jetpack_social_post_already_shared":true,"jetpack_social_options":{"image_generator_settings":{"template":"highway","default_image_id":0,"font":"","enabled":false},"version":2},"_wpas_customize_per_network":false},"product_brand":[],"product_cat":[6435],"product_tag":[],"class_list":{"0":"post-4440","1":"product","2":"type-product","3":"status-publish","4":"has-post-thumbnail","6":"product_cat-stage-modelage-journee","8":"first","9":"instock","10":"sale","11":"downloadable","12":"shipping-taxable","13":"purchasable","14":"product-type-simple"},"yoast_head":"<!-- This site is optimized with the Yoast SEO plugin v27.5 - https:\/\/yoast.com\/product\/yoast-seo-wordpress\/ -->\n<title>Journ\u00e9e Modelage - 30 MAI<\/title>\n<meta name=\"description\" content=\"Journ\u00e9e Modelage - 30 MAI. Venez passer un week-end cr\u00e9atif dans notre Atelier \u00e0 Aubagne en Provence.\" \/>\n<meta name=\"robots\" content=\"index, follow, max-snippet:-1, max-image-preview:large, max-video-preview:-1\" \/>\n<link rel=\"canonical\" href=\"https:\/\/lesstagesdanthony.com\/?product=journee-modelage-30-mai\" \/>\n<meta property=\"og:locale\" content=\"fr_FR\" \/>\n<meta property=\"og:type\" content=\"article\" \/>\n<meta property=\"og:title\" content=\"Journ\u00e9e Modelage - 30 MAI\" \/>\n<meta property=\"og:description\" content=\"Journ\u00e9e Modelage - 30 MAI. Venez passer un week-end cr\u00e9atif dans notre Atelier \u00e0 Aubagne en Provence.\" \/>\n<meta property=\"og:url\" content=\"https:\/\/lesstagesdanthony.com\/?product=journee-modelage-30-mai\" \/>\n<meta property=\"og:site_name\" content=\"Stages Sculpture et Modelage en Argile\" \/>\n<meta property=\"article:publisher\" content=\"http:\/\/www.facebook.com\/atelierfanny\" \/>\n<meta property=\"article:modified_time\" content=\"2026-04-09T12:22:48+00:00\" \/>\n<meta property=\"og:image\" content=\"https:\/\/lesstagesdanthony.com\/wp-content\/uploads\/2024\/07\/offrezunweek-end28800x800px29_20240704_215706_00004990904591014090476.jpg\" \/>\n\t<meta property=\"og:image:width\" content=\"800\" \/>\n\t<meta property=\"og:image:height\" content=\"800\" \/>\n\t<meta property=\"og:image:type\" content=\"image\/jpeg\" \/>\n<meta name=\"twitter:card\" content=\"summary_large_image\" \/>\n<meta name=\"twitter:label1\" content=\"Dur\u00e9e de lecture estim\u00e9e\" \/>\n\t<meta name=\"twitter:data1\" content=\"2 minutes\" \/>\n<script type=\"application\/ld+json\" class=\"yoast-schema-graph\">{\"@context\":\"https:\\\/\\\/schema.org\",\"@graph\":[{\"@type\":\"WebPage\",\"@id\":\"https:\\\/\\\/lesstagesdanthony.com\\\/?product=journee-modelage-30-mai\",\"url\":\"https:\\\/\\\/lesstagesdanthony.com\\\/?product=journee-modelage-30-mai\",\"name\":\"Journ\u00e9e Modelage - 30 MAI\",\"isPartOf\":{\"@id\":\"https:\\\/\\\/lesstagesdanthony.com\\\/#website\"},\"primaryImageOfPage\":{\"@id\":\"https:\\\/\\\/lesstagesdanthony.com\\\/?product=journee-modelage-30-mai#primaryimage\"},\"image\":{\"@id\":\"https:\\\/\\\/lesstagesdanthony.com\\\/?product=journee-modelage-30-mai#primaryimage\"},\"thumbnailUrl\":\"https:\\\/\\\/i0.wp.com\\\/lesstagesdanthony.com\\\/wp-content\\\/uploads\\\/2024\\\/07\\\/offrezunweek-end28800x800px29_20240704_215706_00004990904591014090476.jpg?fit=800%2C800&ssl=1\",\"datePublished\":\"2025-10-12T17:40:54+00:00\",\"dateModified\":\"2026-04-09T12:22:48+00:00\",\"description\":\"Journ\u00e9e Modelage - 30 MAI. Venez passer un week-end cr\u00e9atif dans notre Atelier \u00e0 Aubagne en Provence.\",\"breadcrumb\":{\"@id\":\"https:\\\/\\\/lesstagesdanthony.com\\\/?product=journee-modelage-30-mai#breadcrumb\"},\"inLanguage\":\"fr-FR\",\"potentialAction\":[{\"@type\":\"ReadAction\",\"target\":[\"https:\\\/\\\/lesstagesdanthony.com\\\/?product=journee-modelage-30-mai\"]}]},{\"@type\":\"ImageObject\",\"inLanguage\":\"fr-FR\",\"@id\":\"https:\\\/\\\/lesstagesdanthony.com\\\/?product=journee-modelage-30-mai#primaryimage\",\"url\":\"https:\\\/\\\/i0.wp.com\\\/lesstagesdanthony.com\\\/wp-content\\\/uploads\\\/2024\\\/07\\\/offrezunweek-end28800x800px29_20240704_215706_00004990904591014090476.jpg?fit=800%2C800&ssl=1\",\"contentUrl\":\"https:\\\/\\\/i0.wp.com\\\/lesstagesdanthony.com\\\/wp-content\\\/uploads\\\/2024\\\/07\\\/offrezunweek-end28800x800px29_20240704_215706_00004990904591014090476.jpg?fit=800%2C800&ssl=1\",\"width\":800,\"height\":800},{\"@type\":\"BreadcrumbList\",\"@id\":\"https:\\\/\\\/lesstagesdanthony.com\\\/?product=journee-modelage-30-mai#breadcrumb\",\"itemListElement\":[{\"@type\":\"ListItem\",\"position\":1,\"name\":\"Accueil\",\"item\":\"https:\\\/\\\/lesstagesdanthony.com\\\/\"},{\"@type\":\"ListItem\",\"position\":2,\"name\":\"R\u00e9servation\",\"item\":\"https:\\\/\\\/lesstagesdanthony.com\\\/?page_id=668\"},{\"@type\":\"ListItem\",\"position\":3,\"name\":\"Journ\u00e9e Modelage &#8211; 30 MAI\"}]},{\"@type\":\"WebSite\",\"@id\":\"https:\\\/\\\/lesstagesdanthony.com\\\/#website\",\"url\":\"https:\\\/\\\/lesstagesdanthony.com\\\/\",\"name\":\"Stages Sculpture et Modelage\",\"description\":\"Stages Sculpture et Modelage de d\u00e9cors en Argile \u00e0 Aubagne\",\"potentialAction\":[{\"@type\":\"SearchAction\",\"target\":{\"@type\":\"EntryPoint\",\"urlTemplate\":\"https:\\\/\\\/lesstagesdanthony.com\\\/?s={search_term_string}\"},\"query-input\":{\"@type\":\"PropertyValueSpecification\",\"valueRequired\":true,\"valueName\":\"search_term_string\"}}],\"inLanguage\":\"fr-FR\"}]}<\/script>\n<!-- \/ Yoast SEO plugin. -->","yoast_head_json":{"title":"Journ\u00e9e Modelage - 30 MAI","description":"Journ\u00e9e Modelage - 30 MAI. Venez passer un week-end cr\u00e9atif dans notre Atelier \u00e0 Aubagne en Provence.","robots":{"index":"index","follow":"follow","max-snippet":"max-snippet:-1","max-image-preview":"max-image-preview:large","max-video-preview":"max-video-preview:-1"},"canonical":"https:\/\/lesstagesdanthony.com\/?product=journee-modelage-30-mai","og_locale":"fr_FR","og_type":"article","og_title":"Journ\u00e9e Modelage - 30 MAI","og_description":"Journ\u00e9e Modelage - 30 MAI. Venez passer un week-end cr\u00e9atif dans notre Atelier \u00e0 Aubagne en Provence.","og_url":"https:\/\/lesstagesdanthony.com\/?product=journee-modelage-30-mai","og_site_name":"Stages Sculpture et Modelage en Argile","article_publisher":"http:\/\/www.facebook.com\/atelierfanny","article_modified_time":"2026-04-09T12:22:48+00:00","og_image":[{"width":800,"height":800,"url":"https:\/\/lesstagesdanthony.com\/wp-content\/uploads\/2024\/07\/offrezunweek-end28800x800px29_20240704_215706_00004990904591014090476.jpg","type":"image\/jpeg"}],"twitter_card":"summary_large_image","twitter_misc":{"Dur\u00e9e de lecture estim\u00e9e":"2 minutes"},"schema":{"@context":"https:\/\/schema.org","@graph":[{"@type":"WebPage","@id":"https:\/\/lesstagesdanthony.com\/?product=journee-modelage-30-mai","url":"https:\/\/lesstagesdanthony.com\/?product=journee-modelage-30-mai","name":"Journ\u00e9e Modelage - 30 MAI","isPartOf":{"@id":"https:\/\/lesstagesdanthony.com\/#website"},"primaryImageOfPage":{"@id":"https:\/\/lesstagesdanthony.com\/?product=journee-modelage-30-mai#primaryimage"},"image":{"@id":"https:\/\/lesstagesdanthony.com\/?product=journee-modelage-30-mai#primaryimage"},"thumbnailUrl":"https:\/\/i0.wp.com\/lesstagesdanthony.com\/wp-content\/uploads\/2024\/07\/offrezunweek-end28800x800px29_20240704_215706_00004990904591014090476.jpg?fit=800%2C800&ssl=1","datePublished":"2025-10-12T17:40:54+00:00","dateModified":"2026-04-09T12:22:48+00:00","description":"Journ\u00e9e Modelage - 30 MAI. Venez passer un week-end cr\u00e9atif dans notre Atelier \u00e0 Aubagne en Provence.","breadcrumb":{"@id":"https:\/\/lesstagesdanthony.com\/?product=journee-modelage-30-mai#breadcrumb"},"inLanguage":"fr-FR","potentialAction":[{"@type":"ReadAction","target":["https:\/\/lesstagesdanthony.com\/?product=journee-modelage-30-mai"]}]},{"@type":"ImageObject","inLanguage":"fr-FR","@id":"https:\/\/lesstagesdanthony.com\/?product=journee-modelage-30-mai#primaryimage","url":"https:\/\/i0.wp.com\/lesstagesdanthony.com\/wp-content\/uploads\/2024\/07\/offrezunweek-end28800x800px29_20240704_215706_00004990904591014090476.jpg?fit=800%2C800&ssl=1","contentUrl":"https:\/\/i0.wp.com\/lesstagesdanthony.com\/wp-content\/uploads\/2024\/07\/offrezunweek-end28800x800px29_20240704_215706_00004990904591014090476.jpg?fit=800%2C800&ssl=1","width":800,"height":800},{"@type":"BreadcrumbList","@id":"https:\/\/lesstagesdanthony.com\/?product=journee-modelage-30-mai#breadcrumb","itemListElement":[{"@type":"ListItem","position":1,"name":"Accueil","item":"https:\/\/lesstagesdanthony.com\/"},{"@type":"ListItem","position":2,"name":"R\u00e9servation","item":"https:\/\/lesstagesdanthony.com\/?page_id=668"},{"@type":"ListItem","position":3,"name":"Journ\u00e9e Modelage &#8211; 30 MAI"}]},{"@type":"WebSite","@id":"https:\/\/lesstagesdanthony.com\/#website","url":"https:\/\/lesstagesdanthony.com\/","name":"Stages Sculpture et Modelage","description":"Stages Sculpture et Modelage de d\u00e9cors en Argile \u00e0 Aubagne","potentialAction":[{"@type":"SearchAction","target":{"@type":"EntryPoint","urlTemplate":"https:\/\/lesstagesdanthony.com\/?s={search_term_string}"},"query-input":{"@type":"PropertyValueSpecification","valueRequired":true,"valueName":"search_term_string"}}],"inLanguage":"fr-FR"}]}},"jetpack_publicize_connections":[],"jetpack_likes_enabled":false,"jetpack_sharing_enabled":true,"_links":{"self":[{"href":"https:\/\/lesstagesdanthony.com\/index.php?rest_route=\/wp\/v2\/product\/4440","targetHints":{"allow":["GET"]}}],"collection":[{"href":"https:\/\/lesstagesdanthony.com\/index.php?rest_route=\/wp\/v2\/product"}],"about":[{"href":"https:\/\/lesstagesdanthony.com\/index.php?rest_route=\/wp\/v2\/types\/product"}],"replies":[{"embeddable":true,"href":"https:\/\/lesstagesdanthony.com\/index.php?rest_route=%2Fwp%2Fv2%2Fcomments&post=4440"}],"wp:featuredmedia":[{"embeddable":true,"href":"https:\/\/lesstagesdanthony.com\/index.php?rest_route=\/wp\/v2\/media\/2522"}],"wp:attachment":[{"href":"https:\/\/lesstagesdanthony.com\/index.php?rest_route=%2Fwp%2Fv2%2Fmedia&parent=4440"}],"wp:term":[{"taxonomy":"product_brand","embeddable":true,"href":"https:\/\/lesstagesdanthony.com\/index.php?rest_route=%2Fwp%2Fv2%2Fproduct_brand&post=4440"},{"taxonomy":"product_cat","embeddable":true,"href":"https:\/\/lesstagesdanthony.com\/index.php?rest_route=%2Fwp%2Fv2%2Fproduct_cat&post=4440"},{"taxonomy":"product_tag","embeddable":true,"href":"https:\/\/lesstagesdanthony.com\/index.php?rest_route=%2Fwp%2Fv2%2Fproduct_tag&post=4440"}],"curies":[{"name":"wp","href":"https:\/\/api.w.org\/{rel}","templated":true}]}}